{"id":9728,"date":"2022-12-14T18:48:48","date_gmt":"2022-12-14T18:48:48","guid":{"rendered":"https:\/\/the7.io\/blank\/?page_id=9728"},"modified":"2024-09-26T22:30:49","modified_gmt":"2024-09-26T22:30:49","slug":"home","status":"publish","type":"page","link":"https:\/\/stilona.ba\/","title":{"rendered":"Dobrodo\u0161li"},"content":{"rendered":"<div class=\"wpb-content-wrapper\"><p>[vc_row][vc_column]\n\t\t\t\t<p class=\"rs-p-wp-fix\"><\/p>\n\t\t\t\t<sr7-module data-alias=\"slider-1\" data-id=\"1\" id=\"SR7_1_1\" class=\"rs-ov-hidden\" data-version=\"6.7.38\">\n\t\t\t\t\t<sr7-adjuster><\/sr7-adjuster>\n\t\t\t\t\t<sr7-content>\n\t\t\t\t\t\t<sr7-slide id=\"SR7_1_1-1\" data-key=\"1\">\n\t\t\t\t\t\t<\/sr7-slide>\n\t\t\t\t\t\t<sr7-slide id=\"SR7_1_1-2\" data-key=\"2\">\n\t\t\t\t\t\t<\/sr7-slide>\n\t\t\t\t\t<\/sr7-content>\n\t\t\t\t\t<image_lists style=\"display:none\">\n\t\t\t\t\t\t<img data-src=\"\/\/stilona.ba\/wp-content\/uploads\/2024\/09\/fotelja_3.png\" data-libid=\"14091\" data-lib=\"medialibrary\" title=\"fotelja_3\" width=\"0\" height=\"0\" data-dbsrc=\"Ly9zdGlsb25hLmJhL3dwLWNvbnRlbnQvdXBsb2Fkcy8yMDI0LzA5L2ZvdGVsamFfMy5wbmc=\"\/>\n\t\t\t\t\t\t<img data-src=\"\/\/stilona.ba\/wp-content\/uploads\/2024\/09\/fotelja_11.png\" data-libid=\"14088\" data-lib=\"medialibrary\" title=\"fotelja_11\" width=\"0\" height=\"0\" data-dbsrc=\"Ly9zdGlsb25hLmJhL3dwLWNvbnRlbnQvdXBsb2Fkcy8yMDI0LzA5L2ZvdGVsamFfMTEucG5n\"\/>\n\t\t\t\t\t<\/image_lists>\n\t\t\t\t<\/sr7-module>\n\t\t\t\t<script>\n\t\t\t\t\tSR7.PMH ??={}; SR7.PMH[\"SR7_1_1\"] = {cn:100,state:false,fn: function() { if (_tpt!==undefined && _tpt.prepareModuleHeight !== undefined) {  _tpt.prepareModuleHeight({id:\"SR7_1_1\",el:[900,900,768,960,720],type:'standard',shdw:'0',gh:[900,900,743,565,349],gw:[1240,1240,1024,778,480],vpt:['100px'],size:{fullWidth:false, fullHeight:false},mh:'0',onh:0,onw:0,bg:{color:'{\"orig\":\"transparent\",\"type\":\"solid\",\"string\":\"transparent\"}'}});   SR7.PMH[\"SR7_1_1\"].state=true;} else if(SR7.PMH[\"SR7_1_1\"].cn-->0)\tsetTimeout( SR7.PMH[\"SR7_1_1\"].fn,19);}};SR7.PMH[\"SR7_1_1\" ].fn();\n\t\t\t\t<\/script>\n[\/vc_column][\/vc_row][vc_row][vc_column][vc_empty_space][vc_column_text css=&#8221;&#8221; el_id=&#8221;start&#8221;]<\/p>\n<style>\n@import url('https:\/\/fonts.cdnfonts.com\/css\/chopsic');<br \/><\/style>\n<p style=\"font-family: Chopsic; font-size: 50px; text-align: center; color: #8c8257;\">Stilona<\/p>\n<p>[\/vc_column_text][vc_column_text css=&#8221;&#8221;]<\/p>\n<h3 style=\"text-align: center;\">Proizvodnja Stolica<br \/>\nStilona d.o.o, Bihac &#8211; Brekovica<\/h3>\n<p>[\/vc_column_text][\/vc_column][\/vc_row][vc_row][vc_column width=&#8221;1\/3&#8243;][vc_icon icon_fontawesome=&#8221;fas fa-chair&#8221; color=&#8221;black&#8221; align=&#8221;center&#8221; css=&#8221;&#8221;][vc_column_text css=&#8221;&#8221;]<\/p>\n<h2 style=\"text-align: center;\">Kvalitet<\/h2>\n<p>[\/vc_column_text][vc_column_text css=&#8221;&#8221;]Dobrodo\u0161li u svijet vrhunskih, ru\u010dno izra\u0111enih stolica! Na\u0161e stolice su remek-djela udobnosti i stila, stvorene da savr\u0161eno odgovaraju va\u0161im jedinstvenim potrebama. Svaka stolica je pa\u017eljivo dizajnirana i izra\u0111ena po mjeri, koriste\u0107i samo najkvalitetnije materijale. Bez obzira tra\u017eite li elegantnu trpezarijsku stolicu, udobnu fotelju za \u010ditanje ili ergonomsku uredsku stolicu, mi \u0107emo stvoriti savr\u0161en komad namje\u0161taja za vas. Na\u0161 tim iskusnih majstora posve\u0107en je detaljima, osiguravaju\u0107i da svaka stolica bude ne samo udobna, ve\u0107 i dugotrajna. Otkrijte razliku koju mo\u017ee napraviti stolica izra\u0111ena po mjeri &#8211; naru\u010dite svoju jedinstvenu stolicu danas i transformirajte svoj prostor![\/vc_column_text][\/vc_column][vc_column width=&#8221;1\/3&#8243;][vc_icon icon_fontawesome=&#8221;fas fa-handshake&#8221; color=&#8221;black&#8221; align=&#8221;center&#8221; css=&#8221;&#8221;][vc_column_text css=&#8221;&#8221;]<\/p>\n<h2 style=\"text-align: center;\">Savjet<\/h2>\n<p>[\/vc_column_text][vc_column_text css=&#8221;&#8221;]Otkrijte vrhunsko savjetovanje za va\u0161e stolice po mjeri! Na\u0161 tim stru\u010dnih konsultanata je tu da vam pomogne u svakom koraku procesa stvaranja savr\u0161ene stolice. Od izbora materijala do ergonomskog dizajna, pru\u017eamo personalizirane savjete prilago\u0111ene va\u0161im specifi\u010dnim potrebama i \u017eeljama. Na\u0161e bogato iskustvo u industriji namje\u0161taja omogu\u0107ava nam da vam ponudimo inovativna rje\u0161enja i jedinstvene ideje za va\u0161 prostor. Kroz detaljne konsultacije, pomo\u0107i \u0107emo vam da vizualizirate i ostvarite stolicu koja \u0107e nadma\u0161iti va\u0161a o\u010dekivanja. Iskoristite na\u0161u stru\u010dnost da biste stvorili ne samo komad namje\u0161taja, ve\u0107 pravo umjetni\u010dko djelo koje \u0107e uljep\u0161ati va\u0161 dom ili ured godinama.[\/vc_column_text][\/vc_column][vc_column width=&#8221;1\/3&#8243;][vc_icon icon_fontawesome=&#8221;fas fa-truck&#8221; color=&#8221;black&#8221; align=&#8221;center&#8221; css=&#8221;&#8221;][vc_column_text css=&#8221;&#8221;]<\/p>\n<h2 style=\"text-align: center;\">Garancija<\/h2>\n<p>[\/vc_column_text][vc_column_text css=&#8221;&#8221;]Otkrijte bezbri\u017enost uz na\u0161u izvanrednu garanciju za stolice po mjeri! Nudimo vam nenadma\u0161nu sigurnost s na\u0161om sveobuhvatnom garancijom koja pokriva i kvalitet materijala i profesionalnu izradu. Svaka stolica dolazi s petogodi\u0161njom garancijom, odra\u017eavaju\u0107i na\u0161e nepokolebljivo povjerenje u izdr\u017eljivost i kvalitet na\u0161eg proizvoda. Koristimo samo prvoklasne materijale, pa\u017eljivo odabrane kako bi izdr\u017eali test vremena i svakodnevne upotrebe. Na\u0161 tim visokokvalificiranih majstora primjenjuje stroge standarde kvalitete u svakoj fazi proizvodnog procesa, osiguravaju\u0107i besprijekornu izradu. U malo vjerojatnom slu\u010daju bilo kakvih nedostataka, na\u0161 tim za podr\u0161ku je tu da brzo rije\u0161i svaki problem, garantuju\u0107i vam potpuno zadovoljstvo va\u0161om investicijom u kvalitetnu stolicu po mjeri.[\/vc_column_text][\/vc_column][\/vc_row][vc_row fadeout_row=&#8221;fadeout_row_value&#8221; css=&#8221;.vc_custom_1726730551103{border-radius: 30px !important;}&#8221;][vc_column][vc_row_inner][vc_column_inner][vc_column_text css=&#8221;&#8221; el_id=&#8221;galerija&#8221;]<\/p>\n<h2><a href=\"#galerija\">Galerija<\/a><\/h2>\n<p>[\/vc_column_text][vc_column_text css=&#8221;&#8221;]<\/p>\n<style type=\"text\/css\">\n#foogallery-gallery-14087 .fg-image { width: 200px; }\n#foogallery-gallery-14087 { --fg-gutter: 10px; }<\/style>\n\t\t\t<div class=\"foogallery foogallery-container foogallery-default foogallery-lightbox-foogallery fg-center fg-m-col2 fg-default fg-ready fg-light fg-border-thin fg-shadow-outline fg-loading-default fg-loaded-fade-in fg-caption-hover fg-hover-fade fg-hover-zoom\" id=\"foogallery-gallery-14087\" data-foogallery=\"{&quot;item&quot;:{&quot;showCaptionTitle&quot;:true,&quot;showCaptionDescription&quot;:true},&quot;lazy&quot;:true}\" data-foogallery-lightbox=\"{&quot;thumbs&quot;:&quot;bottom&quot;,&quot;thumbsCaptions&quot;:false,&quot;thumbsBestFit&quot;:false,&quot;thumbsSmall&quot;:false,&quot;thumbsCaptionsAlign&quot;:&quot;default&quot;,&quot;info&quot;:&quot;bottom&quot;,&quot;infoVisible&quot;:true,&quot;infoOverlay&quot;:true,&quot;infoAlign&quot;:&quot;default&quot;,&quot;transition&quot;:&quot;fade&quot;,&quot;hoverButtons&quot;:false,&quot;fitMedia&quot;:false,&quot;noScrollbars&quot;:true,&quot;preserveButtonSpace&quot;:true,&quot;buttons&quot;:{&quot;fullscreen&quot;:true,&quot;info&quot;:true,&quot;thumbs&quot;:false},&quot;video&quot;:{&quot;autoPlay&quot;:true}}\" style=\"--fg-title-line-clamp: 0; --fg-description-line-clamp: 0;\" >\n\t<div class=\"fg-item fg-type-image fg-idle\"><figure class=\"fg-item-inner\"><a href=\"https:\/\/stilona.ba\/wp-content\/uploads\/2024\/09\/fotelja_11.png\" data-attachment-id=\"14088\" data-type=\"image\" class=\"fg-thumb\"><span class=\"fg-image-wrap\"><img decoding=\"async\" width=\"200\" height=\"200\" class=\"skip-lazy fg-image\" data-src-fg=\"https:\/\/stilona.ba\/wp-content\/uploads\/cache\/2024\/09\/fotelja_11\/2249175068.png\" src=\"data:image\/svg+xml,%3Csvg%20xmlns%3D%22http%3A%2F%2Fwww.w3.org%2F2000%2Fsvg%22%20width%3D%22200%22%20height%3D%22200%22%20viewBox%3D%220%200%20200%20200%22%3E%3C%2Fsvg%3E\" loading=\"eager\"><\/span><span class=\"fg-image-overlay\"><\/span><\/a><\/figure><div class=\"fg-loader\"><\/div><\/div><div class=\"fg-item fg-type-image fg-idle\"><figure class=\"fg-item-inner\"><a href=\"https:\/\/stilona.ba\/wp-content\/uploads\/2024\/09\/fotelja_1.png\" data-attachment-id=\"14089\" data-type=\"image\" class=\"fg-thumb\"><span class=\"fg-image-wrap\"><img decoding=\"async\" width=\"200\" height=\"200\" class=\"skip-lazy fg-image\" data-src-fg=\"https:\/\/stilona.ba\/wp-content\/uploads\/cache\/2024\/09\/fotelja_1\/3358465242.png\" src=\"data:image\/svg+xml,%3Csvg%20xmlns%3D%22http%3A%2F%2Fwww.w3.org%2F2000%2Fsvg%22%20width%3D%22200%22%20height%3D%22200%22%20viewBox%3D%220%200%20200%20200%22%3E%3C%2Fsvg%3E\" loading=\"eager\"><\/span><span class=\"fg-image-overlay\"><\/span><\/a><\/figure><div class=\"fg-loader\"><\/div><\/div><div class=\"fg-item fg-type-image fg-idle\"><figure class=\"fg-item-inner\"><a href=\"https:\/\/stilona.ba\/wp-content\/uploads\/2024\/09\/fotelja_2.png\" data-attachment-id=\"14090\" data-type=\"image\" class=\"fg-thumb\"><span class=\"fg-image-wrap\"><img decoding=\"async\" width=\"200\" height=\"200\" class=\"skip-lazy fg-image\" data-src-fg=\"https:\/\/stilona.ba\/wp-content\/uploads\/cache\/2024\/09\/fotelja_2\/2982014272.png\" src=\"data:image\/svg+xml,%3Csvg%20xmlns%3D%22http%3A%2F%2Fwww.w3.org%2F2000%2Fsvg%22%20width%3D%22200%22%20height%3D%22200%22%20viewBox%3D%220%200%20200%20200%22%3E%3C%2Fsvg%3E\" loading=\"eager\"><\/span><span class=\"fg-image-overlay\"><\/span><\/a><\/figure><div class=\"fg-loader\"><\/div><\/div><div class=\"fg-item fg-type-image fg-idle\"><figure class=\"fg-item-inner\"><a href=\"https:\/\/stilona.ba\/wp-content\/uploads\/2024\/09\/fotelja_3.png\" data-attachment-id=\"14091\" data-type=\"image\" class=\"fg-thumb\"><span class=\"fg-image-wrap\"><img decoding=\"async\" width=\"200\" height=\"200\" class=\"skip-lazy fg-image\" data-src-fg=\"https:\/\/stilona.ba\/wp-content\/uploads\/cache\/2024\/09\/fotelja_3\/1005815067.png\" src=\"data:image\/svg+xml,%3Csvg%20xmlns%3D%22http%3A%2F%2Fwww.w3.org%2F2000%2Fsvg%22%20width%3D%22200%22%20height%3D%22200%22%20viewBox%3D%220%200%20200%20200%22%3E%3C%2Fsvg%3E\" loading=\"eager\"><\/span><span class=\"fg-image-overlay\"><\/span><\/a><\/figure><div class=\"fg-loader\"><\/div><\/div><div class=\"fg-item fg-type-image fg-idle\"><figure class=\"fg-item-inner\"><a href=\"https:\/\/stilona.ba\/wp-content\/uploads\/2024\/09\/Fotelja_2_side.png\" data-attachment-id=\"14092\" data-type=\"image\" class=\"fg-thumb\"><span class=\"fg-image-wrap\"><img decoding=\"async\" width=\"200\" height=\"200\" class=\"skip-lazy fg-image\" data-src-fg=\"https:\/\/stilona.ba\/wp-content\/uploads\/cache\/2024\/09\/Fotelja_2_side\/2740729931.png\" src=\"data:image\/svg+xml,%3Csvg%20xmlns%3D%22http%3A%2F%2Fwww.w3.org%2F2000%2Fsvg%22%20width%3D%22200%22%20height%3D%22200%22%20viewBox%3D%220%200%20200%20200%22%3E%3C%2Fsvg%3E\" loading=\"eager\"><\/span><span class=\"fg-image-overlay\"><\/span><\/a><\/figure><div class=\"fg-loader\"><\/div><\/div><div class=\"fg-item fg-type-image fg-idle\"><figure class=\"fg-item-inner\"><a href=\"https:\/\/stilona.ba\/wp-content\/uploads\/2024\/09\/Drvena_2_side.png\" data-attachment-id=\"14093\" data-type=\"image\" class=\"fg-thumb\"><span class=\"fg-image-wrap\"><img decoding=\"async\" width=\"200\" height=\"200\" class=\"skip-lazy fg-image\" data-src-fg=\"https:\/\/stilona.ba\/wp-content\/uploads\/cache\/2024\/09\/Drvena_2_side\/2792696695.png\" src=\"data:image\/svg+xml,%3Csvg%20xmlns%3D%22http%3A%2F%2Fwww.w3.org%2F2000%2Fsvg%22%20width%3D%22200%22%20height%3D%22200%22%20viewBox%3D%220%200%20200%20200%22%3E%3C%2Fsvg%3E\" loading=\"eager\"><\/span><span class=\"fg-image-overlay\"><\/span><\/a><\/figure><div class=\"fg-loader\"><\/div><\/div><div class=\"fg-item fg-type-image fg-idle\"><figure class=\"fg-item-inner\"><a href=\"https:\/\/stilona.ba\/wp-content\/uploads\/2024\/09\/Fotelja_3_side.png\" data-attachment-id=\"14094\" data-type=\"image\" class=\"fg-thumb\"><span class=\"fg-image-wrap\"><img decoding=\"async\" width=\"200\" height=\"200\" class=\"skip-lazy fg-image\" data-src-fg=\"https:\/\/stilona.ba\/wp-content\/uploads\/cache\/2024\/09\/Fotelja_3_side\/3803912349.png\" src=\"data:image\/svg+xml,%3Csvg%20xmlns%3D%22http%3A%2F%2Fwww.w3.org%2F2000%2Fsvg%22%20width%3D%22200%22%20height%3D%22200%22%20viewBox%3D%220%200%20200%20200%22%3E%3C%2Fsvg%3E\" loading=\"eager\"><\/span><span class=\"fg-image-overlay\"><\/span><\/a><\/figure><div class=\"fg-loader\"><\/div><\/div><div class=\"fg-item fg-type-image fg-idle\"><figure class=\"fg-item-inner\"><a href=\"https:\/\/stilona.ba\/wp-content\/uploads\/2024\/09\/Fotelja_3_angle.png\" data-attachment-id=\"14095\" data-type=\"image\" class=\"fg-thumb\"><span class=\"fg-image-wrap\"><img decoding=\"async\" width=\"200\" height=\"200\" class=\"skip-lazy fg-image\" data-src-fg=\"https:\/\/stilona.ba\/wp-content\/uploads\/cache\/2024\/09\/Fotelja_3_angle\/3550328801.png\" src=\"data:image\/svg+xml,%3Csvg%20xmlns%3D%22http%3A%2F%2Fwww.w3.org%2F2000%2Fsvg%22%20width%3D%22200%22%20height%3D%22200%22%20viewBox%3D%220%200%20200%20200%22%3E%3C%2Fsvg%3E\" loading=\"eager\"><\/span><span class=\"fg-image-overlay\"><\/span><\/a><\/figure><div class=\"fg-loader\"><\/div><\/div><\/div>\n\n<p>[\/vc_column_text][\/vc_column_inner][\/vc_row_inner][vc_empty_space][vc_empty_space][vc_single_image image=&#8221;14050&#8243; img_size=&#8221;large&#8221; alignment=&#8221;center&#8221; css=&#8221;&#8221;][\/vc_column][\/vc_row][vc_row bg_type=&#8221;bg_color&#8221; fadeout_row=&#8221;fadeout_row_value&#8221; bg_color_value=&#8221;rgba(140,68,35,0.13)&#8221; css=&#8221;.vc_custom_1726734547205{border-radius: 35px !important;border-color: #ffffff !important;}&#8221; el_class=&#8221;rcorners1&#8243;][vc_column][vc_column_text css=&#8221;.vc_custom_1726734308841{border-radius: 35px !important;}&#8221;]<\/p>\n<h2 style=\"text-align: center;\">O nama<\/h2>\n<p>[\/vc_column_text][vc_column_text css=&#8221;.vc_custom_1726734315816{border-radius: 35px !important;}&#8221;]Na\u0161a kompanija, smje\u0161tena u srcu Brekovice u Bosni i Hercegovini, ponosno stvara vrhunske stolice po mjeri. Iako smo mali tim od svega nekoliko predanih zaposlenika, na\u0161a strast i posve\u0107enost kvaliteti su neizmjerni. Opremljeni smo modernom infrastrukturom koja nam omogu\u0107ava da budemo u koraku s najnovijim trendovima u dizajnu i proizvodnji namje\u0161taja. Na\u0161 motivirani tim stru\u010dnjaka donosi bogato iskustvo i svje\u017eu kreativnost u svaki projekat. Iako smo mali, na\u0161a vizija je velika &#8211; stvaramo stolice koje su spoj bosanske tradicije zanatstva i suvremenog dizajna. U na\u0161oj radionici u Brekovici, svaka stolica je vi\u0161e od komada namje\u0161taja; ona je odraz na\u0161e predanosti kvaliteti i inovaciji.[\/vc_column_text][\/vc_column][\/vc_row][vc_row fadeout_row=&#8221;fadeout_row_value&#8221; css=&#8221;.vc_custom_1726730544010{border-radius: 30px !important;}&#8221;][vc_column][vc_empty_space][\/vc_column][\/vc_row][vc_row][vc_column][vc_column_text css=&#8221;&#8221; el_id=&#8221;contact&#8221;]<\/p>\n<h2><a href=\"#contact\">Kontakt<\/a><\/h2>\n<p>[\/vc_column_text]<style id=\"wpforms-css-vars-14052\">\n\t\t\t\t#wpforms-14052 {\n\t\t\t\t\n\t\t\t}\n\t\t\t<\/style><div class=\"wpforms-container wpforms-container-full wpforms-render-modern\" id=\"wpforms-14052\"><form id=\"wpforms-form-14052\" class=\"wpforms-validate wpforms-form wpforms-ajax-form\" data-formid=\"14052\" method=\"post\" enctype=\"multipart\/form-data\" action=\"\/index.php?rest_route=%2Fwp%2Fv2%2Fpages%2F9728\" data-token=\"9e235408eee38fd3e5a29ed18d8eab34\" data-token-time=\"1776593944\"><noscript class=\"wpforms-error-noscript\">Please enable JavaScript in your browser to complete this form.<\/noscript><div id=\"wpforms-error-noscript\" style=\"display: none;\">Please enable JavaScript in your browser to complete this form.<\/div><div class=\"wpforms-field-container\"><div id=\"wpforms-14052-field_1-container\" class=\"wpforms-field wpforms-field-name\" data-field-id=\"1\"><label class=\"wpforms-field-label\" for=\"wpforms-14052-field_1\">Ime <span class=\"wpforms-required-label\" aria-hidden=\"true\">*<\/span><\/label><input type=\"text\" id=\"wpforms-14052-field_1\" class=\"wpforms-field-medium wpforms-field-required\" name=\"wpforms[fields][1]\" aria-errormessage=\"wpforms-14052-field_1-error\" required><\/div><div id=\"wpforms-14052-field_4-container\" class=\"wpforms-field wpforms-field-number\" data-field-id=\"4\"><label class=\"wpforms-field-label\" for=\"wpforms-14052-field_4\">Telefon <span class=\"wpforms-required-label\" aria-hidden=\"true\">*<\/span><\/label><input type=\"number\" id=\"wpforms-14052-field_4\" class=\"wpforms-field-medium wpforms-field-required\" name=\"wpforms[fields][4]\" step=\"any\" aria-errormessage=\"wpforms-14052-field_4-error\" required><\/div><div id=\"wpforms-14052-field_2-container\" class=\"wpforms-field wpforms-field-email\" data-field-id=\"2\"><label class=\"wpforms-field-label\" for=\"wpforms-14052-field_2\">Email <span class=\"wpforms-required-label\" aria-hidden=\"true\">*<\/span><\/label><input type=\"email\" id=\"wpforms-14052-field_2\" class=\"wpforms-field-medium wpforms-field-required\" name=\"wpforms[fields][2]\" spellcheck=\"false\" aria-errormessage=\"wpforms-14052-field_2-error\" required><\/div>\t\t<div id=\"wpforms-14052-field_5-container\"\n\t\t\tclass=\"wpforms-field wpforms-field-text\"\n\t\t\tdata-field-type=\"text\"\n\t\t\tdata-field-id=\"5\"\n\t\t\t>\n\t\t\t<label class=\"wpforms-field-label\" for=\"wpforms-14052-field_5\" >Ime Email Telefon<\/label>\n\t\t\t<input type=\"text\" id=\"wpforms-14052-field_5\" class=\"wpforms-field-medium\" name=\"wpforms[fields][5]\" >\n\t\t<\/div>\n\t\t<div id=\"wpforms-14052-field_3-container\" class=\"wpforms-field wpforms-field-textarea\" data-field-id=\"3\"><label class=\"wpforms-field-label\" for=\"wpforms-14052-field_3\">Poruka <span class=\"wpforms-required-label\" aria-hidden=\"true\">*<\/span><\/label><textarea id=\"wpforms-14052-field_3\" class=\"wpforms-field-medium wpforms-field-required\" name=\"wpforms[fields][3]\" aria-errormessage=\"wpforms-14052-field_3-error\" required><\/textarea><\/div><script>\n\t\t\t\t( function() {\n\t\t\t\t\tconst style = document.createElement( 'style' );\n\t\t\t\t\tstyle.appendChild( document.createTextNode( '#wpforms-14052-field_5-container { position: absolute !important; overflow: hidden !important; display: inline !important; height: 1px !important; width: 1px !important; z-index: -1000 !important; padding: 0 !important; } #wpforms-14052-field_5-container input { visibility: hidden; } #wpforms-conversational-form-page #wpforms-14052-field_5-container label { counter-increment: none; }' ) );\n\t\t\t\t\tdocument.head.appendChild( style );\n\t\t\t\t\tdocument.currentScript?.remove();\n\t\t\t\t} )();\n\t\t\t<\/script><\/div><!-- .wpforms-field-container --><div class=\"wpforms-submit-container\" ><input type=\"hidden\" name=\"wpforms[id]\" value=\"14052\"><input type=\"hidden\" name=\"page_title\" value=\"\"><input type=\"hidden\" name=\"page_url\" value=\"https:\/\/stilona.ba\/index.php?rest_route=\/wp\/v2\/pages\/9728\"><input type=\"hidden\" name=\"url_referer\" value=\"\"><button type=\"submit\" name=\"wpforms[submit]\" id=\"wpforms-submit-14052\" class=\"wpforms-submit\" data-alt-text=\"Saljem...\" data-submit-text=\"Posalji\" aria-live=\"assertive\" value=\"wpforms-submit\">Posalji<\/button><img loading=\"lazy\" decoding=\"async\" src=\"https:\/\/stilona.ba\/wp-content\/plugins\/wpforms-lite\/assets\/images\/submit-spin.svg\" class=\"wpforms-submit-spinner\" style=\"display: none;\" width=\"26\" height=\"26\" alt=\"Loading\"><\/div><\/form><\/div>  <!-- .wpforms-container -->[\/vc_column][\/vc_row]<\/p>\n<\/div>","protected":false},"excerpt":{"rendered":"<p>[vc_row][vc_column][\/vc_column][\/vc_row][vc_row][vc_column][vc_empty_space][vc_column_text css=&#8221;&#8221; el_id=&#8221;start&#8221;] Stilona [\/vc_column_text][vc_column_text css=&#8221;&#8221;] Proizvodnja Stolica Stilona d.o.o, Bihac &#8211; Brekovica [\/vc_column_text][\/vc_column][\/vc_row][vc_row][vc_column width=&#8221;1\/3&#8243;][vc_icon icon_fontawesome=&#8221;fas fa-chair&#8221; color=&#8221;black&#8221; align=&#8221;center&#8221; css=&#8221;&#8221;][vc_column_text css=&#8221;&#8221;] Kvalitet [\/vc_column_text][vc_column_text css=&#8221;&#8221;]Dobrodo\u0161li u svijet vrhunskih, ru\u010dno izra\u0111enih stolica! Na\u0161e stolice su remek-djela udobnosti i stila, stvorene da savr\u0161eno odgovaraju va\u0161im jedinstvenim potrebama. Svaka stolica je pa\u017eljivo dizajnirana i izra\u0111ena po mjeri, koriste\u0107i samo&hellip;<\/p>\n","protected":false},"author":1,"featured_media":0,"parent":0,"menu_order":1,"comment_status":"closed","ping_status":"closed","template":"","meta":{"footnotes":""},"class_list":["post-9728","page","type-page","status-publish","hentry","description-off"],"_links":{"self":[{"href":"https:\/\/stilona.ba\/index.php?rest_route=\/wp\/v2\/pages\/9728","targetHints":{"allow":["GET"]}}],"collection":[{"href":"https:\/\/stilona.ba\/index.php?rest_route=\/wp\/v2\/pages"}],"about":[{"href":"https:\/\/stilona.ba\/index.php?rest_route=\/wp\/v2\/types\/page"}],"author":[{"embeddable":true,"href":"https:\/\/stilona.ba\/index.php?rest_route=\/wp\/v2\/users\/1"}],"replies":[{"embeddable":true,"href":"https:\/\/stilona.ba\/index.php?rest_route=%2Fwp%2Fv2%2Fcomments&post=9728"}],"version-history":[{"count":41,"href":"https:\/\/stilona.ba\/index.php?rest_route=\/wp\/v2\/pages\/9728\/revisions"}],"predecessor-version":[{"id":14103,"href":"https:\/\/stilona.ba\/index.php?rest_route=\/wp\/v2\/pages\/9728\/revisions\/14103"}],"wp:attachment":[{"href":"https:\/\/stilona.ba\/index.php?rest_route=%2Fwp%2Fv2%2Fmedia&parent=9728"}],"curies":[{"name":"wp","href":"https:\/\/api.w.org\/{rel}","templated":true}]}}